{"id":362,"date":"2018-03-06T18:52:56","date_gmt":"2018-03-06T17:52:56","guid":{"rendered":"http:\/\/braunbach.it\/?page_id=362"},"modified":"2018-03-07T12:09:38","modified_gmt":"2018-03-07T11:09:38","slug":"vini","status":"publish","type":"page","link":"http:\/\/braunbach.it\/it\/vini\/","title":{"rendered":"Vini"},"content":{"rendered":"<div id=\"cs-content\" class=\"cs-content\" ><div id=\"x-section-1\" class=\"x-section\" style=\"margin: 0px;padding: 0px; background-color: transparent;\"  ><div class=\"x-container\" style=\"margin: 0px auto;padding: 0px;\"  ><div  class=\"x-column x-sm x-1-1\" style=\"padding: 0px;\" ><div id=\"1\" class=\"x-text\"  ><p><span  class=\"x-dropcap\" >I Vini<\/span><br clear=\"left\"\/><\/p>\n<p style=\"text-align: justify;\">Quando si tratta di scegliere una variet\u00e0, von Braunbach si affida ai classici della zona. Merlot, Lagrein, Cabernet, Chardonnay, Sauvignon e Gew\u00fcrztraminer. Sotto le condizioni geologiche e microclimatiche ideali della Valle dell&#8217;Adige meridionale, i vini con forte carattere territoriale prosperano laddove succosit\u00e0, salubrit\u00e0 e equilibrio si mescolano con la complessit\u00e0. <\/ P> <\/p>\n<p style = \"text-align: justify;\"> Von Braunbach \u00e8 particolarmente orgogliosa del suo spumante classico fermentato, il Braunbach Brut. L&#8217;alta qualit\u00e0 altoatesina maturata sul fecce nobili per 36 mesi affascina con la sua perlage a grana fine e il suo carattere fresco, giovanile e stimolante.<\/p>\n<\/div><\/div><\/div><\/div><div id=\"x-section-2\" class=\"x-section\" style=\"margin: 0px;padding: 0px; background-color: transparent;\"  ><div class=\"x-container\" style=\"margin: 0px auto;padding: 0px;\"  ><div  class=\"x-column x-sm x-1-1\" style=\"padding: 0px;\" ><div class=\"x-text\"  ><p><span  class=\"x-dropcap\" >Vini bianchi &#038; Brut<\/span><br clear=\"left\"\/><\/p>\n<\/div><\/div><\/div><\/div><div id=\"x-section-3\" class=\"x-section\" style=\"margin: 0px;padding: 0px; background-color: transparent;\"  ><div class=\"x-container\" style=\"margin: 0px auto;padding: 0px;\"  ><div  class=\"x-column x-sm x-1-4\" style=\"padding: 0px;\" ><div class=\"x-text\"  ><p style=\"text-align: center;\"><strong>Gew\u00fcrztraminer<\/strong><\/p>\n<\/div><a  class=\"x-img x-img-link x-img-none\"  href=\"http:\/\/braunbach.it\/it\/gewuerztraminer\/\"     data-options=\"thumbnail: 'https:\/\/i0.wp.com\/braunbach.it\/wp-content\/uploads\/2018\/01\/Gewuerztraminer-1.jpg'\"><img src=\"https:\/\/i0.wp.com\/braunbach.it\/wp-content\/uploads\/2018\/01\/Gewuerztraminer-1.jpg\"  data-recalc-dims=\"1\"><\/a><\/div><div  class=\"x-column x-sm x-1-4\" style=\"padding: 0px;\" ><div class=\"x-text\"  ><p style=\"text-align: center;\"><strong>Sauvignon<\/strong><\/p>\n<\/div><a  class=\"x-img x-img-link x-img-none\"  href=\"http:\/\/braunbach.it\/it\/suedtiroler-sauvignon-calldiv\/\"     data-options=\"thumbnail: 'https:\/\/i1.wp.com\/braunbach.it\/wp-content\/uploads\/2018\/01\/Sauvignon-1.jpg'\"><img src=\"https:\/\/i1.wp.com\/braunbach.it\/wp-content\/uploads\/2018\/01\/Sauvignon-1.jpg\"  data-recalc-dims=\"1\"><\/a><\/div><div  class=\"x-column x-sm x-1-4\" style=\"padding: 0px;\" ><div class=\"x-text\"  ><p style=\"text-align: center;\"><strong>Chardonnay<\/strong><\/p>\n<\/div><a  class=\"x-img x-img-link x-img-none\"  href=\"http:\/\/braunbach.it\/it\/chardonay\/\"     data-options=\"thumbnail: 'https:\/\/i0.wp.com\/braunbach.it\/wp-content\/uploads\/2018\/01\/Chardonnay-12.jpg'\"><img src=\"https:\/\/i0.wp.com\/braunbach.it\/wp-content\/uploads\/2018\/01\/Chardonnay-12.jpg\"  data-recalc-dims=\"1\"><\/a><\/div><div  class=\"x-column x-sm x-1-4\" style=\"padding: 0px;\" ><div class=\"x-text\"  ><p style=\"text-align: center;\"><strong>Brut von Braunbach<\/strong><\/p>\n<\/div><a  class=\"x-img x-img-link x-img-none\"  href=\"http:\/\/braunbach.it\/it\/von-braunbach-brut\/\"     data-options=\"thumbnail: 'https:\/\/i2.wp.com\/braunbach.it\/wp-content\/uploads\/2018\/01\/Brut-12.jpg'\"><img src=\"https:\/\/i2.wp.com\/braunbach.it\/wp-content\/uploads\/2018\/01\/Brut-12.jpg\"  data-recalc-dims=\"1\"><\/a><\/div><\/div><\/div><div id=\"x-section-4\" class=\"x-section\" style=\"margin: 0px;padding: 0px; background-color: transparent;\"  ><div class=\"x-container\" style=\"margin: 0px auto;padding: 0px;\"  ><div  class=\"x-column x-sm x-1-1\" style=\"padding: 0px;\" ><div class=\"x-text\"  ><p><span  class=\"x-dropcap\" >Vini rossi<\/span><br clear=\"left\"\/><\/p>\n<\/div><\/div><\/div><\/div><div id=\"x-section-5\" class=\"x-section\" style=\"margin: 0px;padding: 0px; background-color: transparent;\"  ><div class=\"x-container\" style=\"margin: 0px auto;padding: 0px;\"  ><div  class=\"x-column x-sm x-1-4\" style=\"padding: 0px;\" ><div class=\"x-text\"  ><p style=\"text-align: center;\"><strong>Lagrein<\/strong><\/p>\n<\/div><a  class=\"x-img x-img-link x-img-none\"  href=\"http:\/\/braunbach.it\/it\/lagrein-calldiv\/\"     data-options=\"thumbnail: 'https:\/\/i0.wp.com\/braunbach.it\/wp-content\/uploads\/2018\/01\/Lagrein-1.jpg'\"><img src=\"https:\/\/i0.wp.com\/braunbach.it\/wp-content\/uploads\/2018\/01\/Lagrein-1.jpg\"  data-recalc-dims=\"1\"><\/a><\/div><div  class=\"x-column x-sm x-1-4\" style=\"padding: 0px;\" ><div class=\"x-text\"  ><p style=\"text-align: center;\"><strong>Merlot<\/strong><\/p>\n<\/div><a  class=\"x-img x-img-link x-img-none\"  href=\"http:\/\/braunbach.it\/it\/merlot-calldiv\/\"     data-options=\"thumbnail: 'https:\/\/i1.wp.com\/braunbach.it\/wp-content\/uploads\/2018\/01\/Merlot-12.jpg'\"><img src=\"https:\/\/i1.wp.com\/braunbach.it\/wp-content\/uploads\/2018\/01\/Merlot-12.jpg\"  data-recalc-dims=\"1\"><\/a><\/div><div  class=\"x-column x-sm x-1-4\" style=\"padding: 0px;\" ><div class=\"x-text\"  ><p style=\"text-align: center;\"><strong>Prestige Caldiv<\/strong><\/p>\n<\/div><a  class=\"x-img x-img-link x-img-none\"  href=\"http:\/\/braunbach.it\/it\/prestige-calldiv\/\"     data-options=\"thumbnail: 'https:\/\/i0.wp.com\/braunbach.it\/wp-content\/uploads\/2018\/01\/Prestige-1.jpg'\"><img src=\"https:\/\/i0.wp.com\/braunbach.it\/wp-content\/uploads\/2018\/01\/Prestige-1.jpg\"  data-recalc-dims=\"1\"><\/a><\/div><div  class=\"x-column x-sm x-1-4\" style=\"padding: 0px;\" ><div class=\"x-text\"  ><p style=\"text-align: center;\"><strong>Santa Maddalena<\/strong><\/p>\n<\/div><a  class=\"x-img x-img-link x-img-none\"  href=\"http:\/\/braunbach.it\/it\/st-magdalener\/\"     data-options=\"thumbnail: 'https:\/\/i0.wp.com\/braunbach.it\/wp-content\/uploads\/2018\/01\/St-Magdalener-1.jpg'\"><img src=\"https:\/\/i0.wp.com\/braunbach.it\/wp-content\/uploads\/2018\/01\/St-Magdalener-1.jpg\"  data-recalc-dims=\"1\"><\/a><\/div><\/div><\/div><div id=\"x-section-6\" class=\"x-section\" style=\"margin: 0px;padding: 45px 0px; background-color: transparent;\"  ><div class=\"x-container max width\" style=\"margin: 0px auto;padding: 0px;\"  ><div  class=\"x-column x-sm x-1-1\" style=\"padding: 0px;\" >&nbsp;<\/div><\/div><\/div><\/div>\n","protected":false},"excerpt":{"rendered":"<p>I Vini Quando si tratta di scegliere una variet\u00e0, von Braunbach si affida ai classici della zona. Merlot, Lagrein, Cabernet, Chardonnay, Sauvignon e Gew\u00fcrztraminer. Sotto le condizioni geologiche e microclimatiche ideali della Valle dell&#8217;Adige meridionale, i vini con forte carattere territoriale prosperano laddove succosit\u00e0, salubrit\u00e0 e equilibrio si mescolano con la complessit\u00e0. Von Braunbach \u00e8 particolarmente orgogliosa del suo spumante &#8230; <\/p>\n<div><a href=\"http:\/\/braunbach.it\/it\/vini\/\" class=\"more-link\">Read More<\/a><\/div>\n","protected":false},"author":1,"featured_media":0,"parent":0,"menu_order":0,"comment_status":"closed","ping_status":"closed","template":"template-blank-1.php","meta":[],"_links":{"self":[{"href":"http:\/\/braunbach.it\/it\/wp-json\/wp\/v2\/pages\/362"}],"collection":[{"href":"http:\/\/braunbach.it\/it\/wp-json\/wp\/v2\/pages"}],"about":[{"href":"http:\/\/braunbach.it\/it\/wp-json\/wp\/v2\/types\/page"}],"author":[{"embeddable":true,"href":"http:\/\/braunbach.it\/it\/wp-json\/wp\/v2\/users\/1"}],"replies":[{"embeddable":true,"href":"http:\/\/braunbach.it\/it\/wp-json\/wp\/v2\/comments?post=362"}],"version-history":[{"count":9,"href":"http:\/\/braunbach.it\/it\/wp-json\/wp\/v2\/pages\/362\/revisions"}],"predecessor-version":[{"id":423,"href":"http:\/\/braunbach.it\/it\/wp-json\/wp\/v2\/pages\/362\/revisions\/423"}],"wp:attachment":[{"href":"http:\/\/braunbach.it\/it\/wp-json\/wp\/v2\/media?parent=362"}],"curies":[{"name":"wp","href":"https:\/\/api.w.org\/{rel}","templated":true}]}}