{"id":456,"date":"2018-05-25T22:39:32","date_gmt":"2018-05-25T20:39:32","guid":{"rendered":"http:\/\/braunbach.it\/?page_id=456"},"modified":"2021-01-26T09:05:41","modified_gmt":"2021-01-26T08:05:41","slug":"imprint-privacy-cookies","status":"publish","type":"page","link":"http:\/\/braunbach.it\/it\/imprint-privacy-cookies\/","title":{"rendered":"Imprint | Privacy | Cookies"},"content":{"rendered":"<h2>IMPRINT<\/h2>\n<p>Sekt und Weinkellerei Braunbach GMBH<br \/>\nPater Romediusweg 5<br \/>\n39018 Settequerce\/Terlano (BZ)<br \/>\nTel\/ Fax +39 0471 910184<br \/>\nP.IVA- MwSt-Nr.01420990218<br \/>\nE-Mail: info@braunbach.it<\/p>\n<h2>INFORMATIVA RESA AI SENSI DEL D.LGS. DEL 30.06.2003 \u201cCODICE DELLA PRIVACY<\/h2>\n<p>Ai sensi dell\u2019art. 13, Dlgs 30 giugno 2003 n. 196 INFORMIAMO che braunbach.it tratta dati personali di clienti e di fornitori e di soggetti che comunicano volontariamente (telefonicamente o via fax o via eMail o tramite registrazione sul nostro sito web) i loro dati anagrafici alla nostra azienda, e di soggetti i cui dati sono stati raccolti presso terzi in occasione, ad esempio, di operazione di acquisizione di dati esterni per informazioni commerciali, elenchi pubblici ecc., nell\u2019ultimo caso trattasi esclusivamente di dati personali di natura comune. Garantisce nell\u2019ambito delle previsioni normative che il trattamento dei dati personali si svolge nel rispetto dei diritti e delle libert\u00e0 fondamentali, nonch\u00e9 della dignit\u00e0 dell\u2019interessato, con particolare riferimento alla riservatezza, all\u2019identit\u00e0 personale e al diritto alla protezione dei dati personali.<\/p>\n<h3>FINALIT\u00c0 DEL TRATTAMENTO<\/h3>\n<ul>\n<li>adempiere agli obblighi di legge, dai regolamenti, dalla normativa comunitaria, da norme civilistiche e fiscali<\/li>\n<li>adempiere agli eventuali obblighi contrattuali nei confronti del interessato<\/li>\n<li>adempiere ad attivit\u00e0 connesse all\u2019attivit\u00e0 economica della nostra societ\u00e0, come compilazione delle anagrafiche e statistiche interne, per la fatturazione, la tenuta della contabilit\u00e0 clienti-fornitori<\/li>\n<li>finalit\u00e0 di tipo commerciale, come invio di informazioni commerciali e materiale pubblicitario (via posta, fax ed e-mail), di marketing e ricerche di mercato<\/li>\n<li>la tutela dei crediti e la gestione dei debiti<\/li>\n<li>finalit\u00e0 assicurative, in particolare per assicurazioni crediti<\/li>\n<li>Ambito di comunicazione e diffusione<\/li>\n<\/ul>\n<p>ALLE PUBBLICHE AMMINISTRAZIONI ED AUTORIT\u00c0, OVE PREVISTO DALLA LEGGE<\/p>\n<ul>\n<li>ad Istituti di credito con i quali la ns. ditta ha rapporti per la gestione dei crediti\/debiti e l\u2019intermediazione finanziaria a tutte quelle persone fisiche e\/o giuridiche, pubbliche e\/o private (studi di consulenza legale, amministrativa e fiscale, uffici giudiziari, Camere di Commercio ecc.), quando la comunicazione risulti necessaria o funzionale allo svolgimento della nostra attivit\u00e0<\/li>\n<li>a fornitori\/produttori al fine di registrare i prodotti.<\/li>\n<li>I dati personali trattati dalla nostra societ\u00e0 non sono soggetti a diffusione.<\/li>\n<\/ul>\n<h3>MODALIT\u00c0 DI TRATTAMENTO<\/h3>\n<p>Il trattamento potr\u00e0 effettuarsi con o senza l\u2019ausilio di mezzi elettronici e comunque automatizzati e comprender\u00e0 tutte le operazioni previste all\u2019art. 4 comma 1, lettera a, Dlgs. 30 giugno 2003 n. 196 e necessarie al trattamento in questione. Comunque il trattamento sar\u00e0 effettuato nell\u2019osservanza di ogni misura cautelativa, che ne garantisca la sicurezza e la riservatezza.<\/p>\n<h3>DATI DI NAVIGAZIONE INTERNET<\/h3>\n<p>I sistemi informatici e le procedure software preposte al funzionamento del sito web\u00a0braunbach.it acquisiscono, nel corso del loro normale esercizio, alcuni dati personali, la cui trasmissione \u00e8 implicita nell&#8217;uso dei protocolli di comunicazione di Internet. Si tratta di informazioni che non sono raccolte per essere associate a interessati identificati, ma che per loro stessa natura potrebbero, attraverso elaborazioni ed associazioni con dati detenuti da terzi, permettere di identificare gli utenti. In questa categoria di dati rientrano gli indirizzi IP o i nomi di dominio dei computer utilizzati dagli utenti che si connettono al sito, gli indirizzi in notazione URI (Uniform Resource Identifier) delle risorse richieste, l&#8217;orario della richiesta ed altri parametri relativi al sistema operativo e all\u2019ambiente informatico dell&#8217;utente. Questi dati vengono utilizzati al solo fine di ricavare informazioni statistiche anonime sull&#8217;uso del sito e per controllarne il corretto funzionamento. I dati in questione potrebbero essere utilizzati per l&#8217;accertamento di responsabilit\u00e0 in caso di eventuali reati informatici ai danni del nostro sito.<\/p>\n<h3>DIRITTI DELL\u2019INTERESSATO<\/h3>\n<p>Il Codice della Privacy conferisce agli interessati l\u2019esercizio di specifici diritti di cui all\u2019art. 7. In particolare pu\u00f2 ottenere dal titolare la conferma dell\u2019esistenza o meno di propri dati personali che lo riguardano e la loro comunicazione in forma intelligibile. L\u2019interessato pu\u00f2 altres\u00ec chiedere di conoscere l\u2019origine dei dati, le finalit\u00e0 e modalit\u00e0 del trattamento nonch\u00e9 la logica applicata in caso trattamento effettuato con l\u2019ausilio di strumenti elettronici, l\u2019identificazione degli estremi identificativi del titolare, dei responsabili nominati e dei soggetti e categorie di soggetti ai quali i dati possono essere comunicati o che possono venire a conoscenza. L\u2019interessato ha il diritto di ottenere l\u2019aggiornamento, la rettificazione e l\u2019integrazione, ovvero la cancellazione, la trasformazione in via anonima o il blocco dei dati trattati in violazione di legge. L\u2019interessato ha diritto di opporsi, in tutto o in parte, per motivi legittimi, al trattamento dei dati personali che lo riguardano, e senza motivo al trattamento dei dati che lo riguardano a fini di invio di materiale pubblicitario o di vendita diretta o per il compimento di ricerche di mercato o di comunicazione commerciale. I diritti in oggetto possono essere esercitati, anche per il tramite di un incaricato, mediante richiesta rivolta al responsabile del trattamento nominato \u2013Sekt und Weinkellerei Braunbach KG des Kleon Hannes, Pater Romediusweg 5, 39018 Settequerce\/Terlano (BZ)- con lettera raccomandata o eMail all\u2019indirizzo info@braunbach.it<\/p>\n<h2><a id=\"cookies\"><\/a>Informativa sui Cookie di\u00a0braunbach.it<\/h2>\n<p>I cookie sono costituiti da pezzi di codice installati nel browser e aiutano il provider a fornire i servizi che servono al suo scopo dichiarato. Alcuni degli scopi per i quali sono installati i cookie possono anche richiedere il consenso dell&#8217;utente. Se l&#8217;installazione dei cookie \u00e8 basata sul consenso, pu\u00f2 essere revocata in qualsiasi momento seguendo le istruzioni in questo documento.<\/p>\n<p><strong>Cookie tecnici e cookie che servono a fini statistici aggregati<\/strong><br \/>\nPer la funzionalit\u00e0 del servizio attivit\u00e0 essenziali<br \/>\nbraunbach.it\u00a0utilizza i cookie per memorizzare le sessioni degli utenti e per svolgere altre attivit\u00e0 essenziali per il funzionamento di braunbach.it, ad esempio in relazione alla distribuzione del traffico.<\/p>\n<p><strong>Memorizzazione di impostazioni, ottimizzazione e attivit\u00e0 relative alle statistiche<\/strong><br \/>\nbraunbach.it\u00a0utilizza i cookie per memorizzare le impostazioni del browser e ottimizzare l&#8217;esperienza di navigazione dell&#8217;utente. Questi cookie includono, ad esempio, quelli utilizzati per assumere la lingua e la valuta o quelli per la gestione delle statistiche di prima parte, che sono gestiti direttamente dal fornitore del sito.<\/p>\n<p><strong>Altri tipi di cookie o terze parti che installano cookie<\/strong><br \/>\nAlcuni dei servizi elencati di seguito gestiscono le statistiche in forma aggregata e anonima e possono non richiedere necessariamente il consenso dell&#8217;utente, oppure possono essere gestiti direttamente dal fornitore, fatta salva la sua descrizione, senza l&#8217;assistenza di terzi. Se i servizi di terzi sono visualizzati negli strumenti di seguito, possono essere utilizzati per tracciare le abitudini di navigazione dell&#8217;utente, oltre alle informazioni qui specificate e all&#8217;insaputa del fornitore. Per informazioni pi\u00f9 dettagliate, consultare le politiche sulla privacy dei servizi elencati.<\/p>\n<h3>Cookies per Analisi in uso<\/h3>\n<p>Con i servizi elencati in questa sezione,\u00a0braunbach.it pu\u00f2 monitorare e analizzare il traffico e tenere traccia del comportamento degli utenti.<\/p>\n<p><strong>Google Analytics (Google Inc.)<\/strong><br \/>\nGoogle Analytics \u00e8 un servizio di analisi web fornito da Google Inc. (&#8220;Google&#8221;). Google utilizza i dati raccolti per tracciare e indagare su come\u00a0braunbach.it viene utilizzato per riferire sulle sue attivit\u00e0 e condividerle con altri servizi Google.<br \/>\nGoogle pu\u00f2 utilizzare i dati raccolti per contestualizzare e personalizzare gli annunci della propria rete pubblicitaria.<br \/>\nDati personali raccolti: cookie e dati di utilizzo.<br \/>\nLuogo di elaborazione: Stati Uniti &#8211;\u00a0<a href=\"https:\/\/policies.google.com\/privacy?hl=it\">Informativa sulla privacy<\/a>\u00a0&#8211;\u00a0<a href=\"https:\/\/tools.google.com\/dlpage\/gaoptout?hl=IT\">Disattiva<\/a>. Membro di Privacy Shield.<\/p>\n<p><strong>Monitoraggio delle conversioni di Google AdWords (Google Inc.)<\/strong><br \/>\nIl monitoraggio delle conversioni di AdWords \u00e8 un servizio di analisi fornito da Google Inc. che collega i dati della rete di Google AdWords alle azioni eseguite da\u00a0braunbach.it.<br \/>\nDati personali raccolti: cookie e dati di utilizzo.<br \/>\nLuogo di elaborazione: Stati Uniti &#8211;\u00a0<a href=\"https:\/\/policies.google.com\/privacy?hl=it\">Informativa sulla privacy<\/a>. Membro di Privacy Shield.<\/p>\n<h3>Cookies per visualizzare contenuti da piattaforme esterne in uso<\/h3>\n<p>Con questo tipo di servizio, gli utenti possono visualizzare il contenuto ospitato su piattaforme esterne direttamente attraverso\u00a0braunbach.it e interagire con esso.<br \/>\nSe \u00e8 installato un tale servizio, potrebbe forse anche raccogliere i dati dal traffico per le pagine su cui \u00e8 installato quando gli utenti non lo si utilizza.<\/p>\n<p><strong>Instagram Widget (Instagram, Inc.)<\/strong><br \/>\nInstagram \u00e8 un servizio fornito da servizio di visualizzazione Instagram, Inc. per immagini possono incorporare nei propri siti con un&#8217;adeguata scelta di contenuti.<br \/>\nDati personali raccolti: cookie e dati di utilizzo.<br \/>\nLuogo di elaborazione: Stati Uniti &#8211;\u00a0<a href=\"https:\/\/help.instagram.com\/155833707900388\">Informativa sulla privacy<\/a>.<\/p>\n<p><strong>Widget di Google Maps (Google Inc.)<\/strong><br \/>\nGoogle Maps \u00e8 un servizio di visualizzazione di mappe fornito da Google Inc. che consente a\u00a0braunbach.it di includere contenuti nelle sue pagine.<br \/>\nDati personali raccolti: cookie e dati di utilizzo.<br \/>\nLuogo di elaborazione: Stati Uniti &#8211;\u00a0<a href=\"https:\/\/policies.google.com\/privacy?hl=it&amp;gl=it\">Informativa sulla privacy<\/a>. Membro di Privacy Shield.<\/p>\n<p><strong>Vimeo Video (Vimeo, LLC)<\/strong><br \/>\nVimeo \u00e8 un servizio fornito da Vimeo, LLC il servizio di visualizzazione di contenuti video che possono incorporare nei propri siti di\u00a0braunbach.it con un&#8217;adeguata scelta contenuti.<br \/>\nDati personali raccolti: cookie e dati di utilizzo.<br \/>\nLuogo di elaborazione: Stati Uniti &#8211;\u00a0<a href=\"https:\/\/vimeo.com\/privacy\">Informativa sulla privacy<\/a>.<\/p>\n<h3>Cookies per Interazione con social network e piattaforme esterne in uso<\/h3>\n<p>Questi tipi di servizi consentono l&#8217;interazione con i social network o altre piattaforme esterne direttamente attraverso\u00a0braunbach.it L&#8217;interazione e le informazioni raccolte tramite\u00a0braunbach.it sono sempre soggette alle impostazioni sulla privacy fatte dagli utenti per il rispettivo social network. Se \u00e8 installato un servizio di social network, pu\u00f2 raccogliere il traffico dalle pagine su cui \u00e8 installato anche se gli utenti non utilizzano il servizio.<\/p>\n<p><strong>Pulsante Mi Piace e widget sociali per Facebook (Facebook, Inc.)<\/strong><br \/>\nIl pulsante &#8220;Mi Piace&#8221; ei widget sociali di Facebook sono servizi di interazione con il social network Facebook Facebook, Inc.<br \/>\nDati personali raccolti: cookie e dati di utilizzo.<br \/>\nLuogo di elaborazione: Stati Uniti &#8211;\u00a0<a href=\"https:\/\/www.facebook.com\/privacy\/explanation\">Informativa sulla privacy<\/a>. Membro di Privacy Shield.<\/p>\n<p><strong>Tweet Pulsante e widget sociali per Twitter (Twitter, Inc.)<\/strong><br \/>\nIl pulsante Tweet ei widget sociali di Twitter sono servizi di interazione con il social network Twitter, Inc.<br \/>\nDati personali raccolti: cookie e dati di utilizzo.<br \/>\nLuogo di elaborazione: Stati Uniti &#8211;\u00a0<a href=\"https:\/\/twitter.com\/it\/privacy\">Informativa sulla privacy<\/a>. Membro di Privacy Shield.<\/p>\n<p><strong>Pulsante &#8220;Pin it&#8221; e widget sociali per Pinterest (Pinterest)<\/strong><br \/>\nIl pulsante &#8220;pin it&#8221; di Pinterest ei widget sociali sono servizi per interagire con il social network di Pinterest, Inc. Inc.<br \/>\nDati personali raccolti: cookie e dati di utilizzo.<br \/>\nLuogo di elaborazione: Stati Uniti &#8211;\u00a0<a href=\"https:\/\/policy.pinterest.com\/it\/privacy-policy\">Informativa sulla privacy.<\/a><\/p>\n<p><strong>Pulsante + 1 e widget sociali per Google+ (Google Inc.)<\/strong><br \/>\nIl pulsante + 1 e i widget sociali di Google+ sono servizi di interazione con il social network Google+ di Google.<br \/>\nDati personali raccolti: cookie e dati di utilizzo.<br \/>\nLuogo di elaborazione: Stati Uniti &#8211;\u00a0<a href=\"https:\/\/policies.google.com\/privacy?hl=it\">Informativa sulla privacy<\/a>. Membro di Privacy Shield.<\/p>\n<h3><\/h3>\n<h3>Cookies per l&#8217;ottimizzazione e distribuzione del traffico in uso<\/h3>\n<p>Con questo tipo di servizio,\u00a0braunbach.it pu\u00f2 distribuire i suoi contenuti su server situati in paesi diversi e ottimizzare le sue prestazioni. I dati personali che verranno elaborati dipendono dalle caratteristiche e dal modo in cui i servizi vengono eseguiti, la cui funzione \u00e8 quella di filtrare la comunicazione che avviene attraverso\u00a0braunbach.it e il browser dell&#8217;utente.<br \/>\nData la natura diffusa di questo sistema, \u00e8 difficile determinare i luoghi in cui viene trasmesso il contenuto personale degli utenti.<\/p>\n<p><strong>CloudFlare (Cloudflare)<\/strong><br \/>\nCloudFlare \u00e8 un servizio fornito da Cloudfare Inc per l&#8217;ottimizzazione e la distribuzione del traffico.<br \/>\nTra l&#8217;altro, le funzionalit\u00e0 di CloudFlare sono integrate, il servizio filtra tutto il traffico attraversobraunbach.it, es. h. la comunicazione che avviene tramite\u00a0braunbach.it e il browser dell&#8217;utente, nonch\u00e9 la raccolta di dati analitici che contiene\u00a0braunbach.it Dati personali raccolti: cookie e vari tipi di dati come descritto nell&#8217;informativa sulla privacy del servizio.<br \/>\nLuogo di elaborazione: Stati Uniti &#8211;\u00a0<a href=\"https:\/\/www.cloudflare.com\/privacypolicy\/\">Informativa sulla privacy<\/a>.<\/p>\n","protected":false},"excerpt":{"rendered":"<p>IMPRINT Sekt und Weinkellerei Braunbach GMBH Pater Romediusweg 5 39018 Settequerce\/Terlano (BZ) Tel\/ Fax +39 0471 910184 P.IVA- MwSt-Nr.01420990218 E-Mail: info@braunbach.it INFORMATIVA RESA AI SENSI DEL D.LGS. DEL 30.06.2003 \u201cCODICE DELLA PRIVACY Ai sensi dell\u2019art. 13, Dlgs 30 giugno 2003 n. 196 INFORMIAMO che braunbach.it tratta dati personali di clienti e di fornitori e di soggetti che comunicano volontariamente (telefonicamente &#8230; <\/p>\n<div><a href=\"http:\/\/braunbach.it\/it\/imprint-privacy-cookies\/\" class=\"more-link\">Read More<\/a><\/div>\n","protected":false},"author":1,"featured_media":0,"parent":0,"menu_order":0,"comment_status":"closed","ping_status":"closed","template":"template-blank-1.php","meta":[],"_links":{"self":[{"href":"http:\/\/braunbach.it\/it\/wp-json\/wp\/v2\/pages\/456"}],"collection":[{"href":"http:\/\/braunbach.it\/it\/wp-json\/wp\/v2\/pages"}],"about":[{"href":"http:\/\/braunbach.it\/it\/wp-json\/wp\/v2\/types\/page"}],"author":[{"embeddable":true,"href":"http:\/\/braunbach.it\/it\/wp-json\/wp\/v2\/users\/1"}],"replies":[{"embeddable":true,"href":"http:\/\/braunbach.it\/it\/wp-json\/wp\/v2\/comments?post=456"}],"version-history":[{"count":2,"href":"http:\/\/braunbach.it\/it\/wp-json\/wp\/v2\/pages\/456\/revisions"}],"predecessor-version":[{"id":469,"href":"http:\/\/braunbach.it\/it\/wp-json\/wp\/v2\/pages\/456\/revisions\/469"}],"wp:attachment":[{"href":"http:\/\/braunbach.it\/it\/wp-json\/wp\/v2\/media?parent=456"}],"curies":[{"name":"wp","href":"https:\/\/api.w.org\/{rel}","templated":true}]}}