{"id":381,"date":"2018-03-07T09:01:35","date_gmt":"2018-03-07T08:01:35","guid":{"rendered":"http:\/\/braunbach.it\/?page_id=381"},"modified":"2018-03-07T11:59:49","modified_gmt":"2018-03-07T10:59:49","slug":"gewuerztraminer","status":"publish","type":"page","link":"https:\/\/braunbach.it\/it\/gewuerztraminer\/","title":{"rendered":"Gew\u00fcrztraminer"},"content":{"rendered":"<div id=\"cs-content\" class=\"cs-content\" ><div id=\"x-section-1\" class=\"x-section\" style=\"margin: 0px;padding: 0px; background-color: transparent;\"  ><div class=\"x-container max width\" style=\"margin: 0px auto;padding: 0px;\"  ><div  class=\"x-column x-sm x-1-1\" style=\"padding: 0px 0px 40px;\" ><div class=\"x-text\"  ><p style=\"text-align: center;\"><span  class=\"x-dropcap\" >GEW\u00dcRZTRAMINER CALLDIV<\/span><\/p>\n<p> <br clear=\"left\"\/><\/p>\n<\/div><\/div><\/div><div class=\"x-container max width\" style=\"margin: 0px auto;padding: 0px;\"  ><div  class=\"x-column x-sm x-2-3\" style=\"padding: 0px;\" ><div class=\"x-text\"  ><p><strong>Variet\u00e1:<\/strong> 100% Gew\u00fcrztraminer<\/p>\n<p>Il suo colore giallo paglierino con i tipici riflessi dorati e il complesso aroma che ricorda le rose, litchi, pompelmo e lime sono solo alcune caratteristiche di questo bianco importante. In bocca si presenta pieno, complesso, morbido con una buona freschezza. <\/p>\n<p><strong>Consigli d\u00b4abbinamento:<\/strong> Si accompagna molto bene con crostacei, piatti speziati della cucina asiatica, formaggi freschi e semi stagionati<\/p>\n<p><strong>Zona di produzione:<\/strong> Appiano<\/p>\n<p><strong>Vinificazione:<\/strong> macerazione breve, pressatura soffice, fermentazione in acciaio a temperatura controllata<\/p>\n<p><strong>Invecchiamento:<\/strong> ca. 3 anni<\/p>\n<p><em> Analisi: Alcool: 14,00 % Vol.<\/em><br \/>\n<em> Acidit\u00e0 totale: 4,70 g\/l<\/em><br \/>\n<em> Zuccheri: 4,00 g\/l<\/em><br \/>\n<em> Estratto: 25,90 g\/l<\/em><\/p>\n<\/div><\/div><div  class=\"x-column x-sm x-1-3\" style=\"padding: 0px;\" ><img  class=\"x-img x-img-none\"  src=\"https:\/\/i0.wp.com\/braunbach.it\/wp-content\/uploads\/2018\/01\/Gewuerztraminer-1.jpg\"  data-recalc-dims=\"1\"><hr  class=\"x-gap\" style=\"margin: 50px 0 0 0;\"><div class=\"x-text\"  ><p style=\"text-align: right;\"><a href=\"http:\/\/braunbach.it\/it\/vini\/\"><strong>TORNA INDIETRO<\/strong><\/a><\/p>\n<\/div><\/div><\/div><\/div><\/div>\n","protected":false},"excerpt":{"rendered":"<p>GEW\u00dcRZTRAMINER CALLDIV Variet\u00e1: 100% Gew\u00fcrztraminer Il suo colore giallo paglierino con i tipici riflessi dorati e il complesso aroma che ricorda le rose, litchi, pompelmo e lime sono solo alcune caratteristiche di questo bianco importante. In bocca si presenta pieno, complesso, morbido con una buona freschezza. Consigli d\u00b4abbinamento: Si accompagna molto bene con crostacei, piatti speziati della cucina asiatica, formaggi &#8230; <\/p>\n<div><a href=\"https:\/\/braunbach.it\/it\/gewuerztraminer\/\" class=\"more-link\">Read More<\/a><\/div>\n","protected":false},"author":1,"featured_media":0,"parent":0,"menu_order":0,"comment_status":"closed","ping_status":"closed","template":"template-blank-1.php","meta":[],"_links":{"self":[{"href":"https:\/\/braunbach.it\/it\/wp-json\/wp\/v2\/pages\/381"}],"collection":[{"href":"https:\/\/braunbach.it\/it\/wp-json\/wp\/v2\/pages"}],"about":[{"href":"https:\/\/braunbach.it\/it\/wp-json\/wp\/v2\/types\/page"}],"author":[{"embeddable":true,"href":"https:\/\/braunbach.it\/it\/wp-json\/wp\/v2\/users\/1"}],"replies":[{"embeddable":true,"href":"https:\/\/braunbach.it\/it\/wp-json\/wp\/v2\/comments?post=381"}],"version-history":[{"count":4,"href":"https:\/\/braunbach.it\/it\/wp-json\/wp\/v2\/pages\/381\/revisions"}],"predecessor-version":[{"id":424,"href":"https:\/\/braunbach.it\/it\/wp-json\/wp\/v2\/pages\/381\/revisions\/424"}],"wp:attachment":[{"href":"https:\/\/braunbach.it\/it\/wp-json\/wp\/v2\/media?parent=381"}],"curies":[{"name":"wp","href":"https:\/\/api.w.org\/{rel}","templated":true}]}}